{"id":5,"date":"2023-06-19T16:42:57","date_gmt":"2023-06-19T14:42:57","guid":{"rendered":"https:\/\/astridleclere-avocat.com\/?page_id=5"},"modified":"2023-08-23T16:55:14","modified_gmt":"2023-08-23T14:55:14","slug":"creez-votre-site-avec-des-blocs","status":"publish","type":"page","link":"https:\/\/astridleclere-avocat.com\/index.php\/creez-votre-site-avec-des-blocs\/","title":{"rendered":"Section A propos"},"content":{"rendered":"\n<figure class=\"wp-block-image size-full\"><img loading=\"lazy\" decoding=\"async\" width=\"360\" height=\"364\" src=\"https:\/\/astridleclere-avocat.com\/wp-content\/uploads\/2023\/06\/Logo_Couleur-1.png\" alt=\"\" class=\"wp-image-23\" srcset=\"https:\/\/astridleclere-avocat.com\/wp-content\/uploads\/2023\/06\/Logo_Couleur-1.png 360w, https:\/\/astridleclere-avocat.com\/wp-content\/uploads\/2023\/06\/Logo_Couleur-1-297x300.png 297w\" sizes=\"auto, (max-width: 360px) 100vw, 360px\" \/><\/figure>\n\n\n\n<p class=\"has-text-align-center has-extra-large-font-size\" style=\"padding-top:0;padding-right:0;padding-bottom:0;padding-left:0\">Site en construction <\/p>\n\n\n\n<p><\/p>\n\n\n\n<p class=\"has-text-align-center has-text-color has-medium-font-size\" style=\"color:#b86c6e\">Ma\u00eetre Lecl\u00e8re est joignable par courriel \u00e0 l&#8217;adresse, astrid.leclere@avocat.be ou par t\u00e9l\u00e9phone au 0478\/91.41.19.<\/p>\n\n\n\n<p class=\"has-text-align-center has-text-color has-medium-font-size\" style=\"color:#b86c6e\">Maitre LECLERE re\u00e7oit sur rendez-vous \u00e0 Neupr\u00e9 ou \u00e0 Seraing. <\/p>\n\n\n\n<p><\/p>\n\n\n\n<p><\/p>\n\n\n\n<div class=\"wp-block-columns is-layout-flex wp-container-core-columns-is-layout-9d6595d7 wp-block-columns-is-layout-flex\">\n<div class=\"wp-block-column is-layout-flow wp-block-column-is-layout-flow\">\n<p>Titulaire d\u2019un master en droit \u00e0 finalit\u00e9 mobilit\u00e9 interuniversitaire suite \u00e0 un Erasmus \u00e0 Prague obtenu avec Grand Distinction, Maitre LECLERE est avocate au barreau de Li\u00e8ge-Huy depuis 2019.<\/p>\n\n\n\n<p>Outre ce parcours universitaire, Maitre LECLERE est \u00e9galement titulaire du certificat \u00e0 la Protection des donn\u00e9es (Data Protection Officer) d\u00e9livr\u00e9 par le Data Protection Institute le 7 mai 2021.<\/p>\n\n\n\n<p>Apr\u00e8s 4 ann\u00e9es de formation au sein d&#8217;un Cabinet r\u00e9put\u00e9 du Barreau de Li\u00e8ge-Huy, Maitre LECLERE, ancienne sportive professionnelle s&#8217;est naturellement lanc\u00e9e comme d\u00e9fi d&#8217;ouvrir son propre Cabinet, soucieuse d&#8217;apporter satisfaction aux clients qu&#8217;elle d\u00e9fend, exer\u00e7ant cette profession avec s\u00e9rieux, dynamisme et motivation.<\/p>\n\n\n\n<p>Maitre LECLERE re\u00e7oit sur rendez-vous \u00e0 Neupr\u00e9, et \u00e0 Seraing, mais peut \u00e9galement se rendre au sein des soci\u00e9t\u00e9s et\/ou \u00e0 domicile en cas de besoin.<\/p>\n<\/div>\n\n\n\n<div class=\"wp-block-column is-layout-flow wp-block-column-is-layout-flow\">\n<figure class=\"wp-block-image size-large is-resized\"><img loading=\"lazy\" decoding=\"async\" src=\"https:\/\/astridleclere-avocat.com\/wp-content\/uploads\/2023\/06\/marissa-grootes-McomGcCj6IQ-unsplash-678x1024.jpg\" alt=\"\" class=\"wp-image-60\" width=\"305\" height=\"461\" srcset=\"https:\/\/astridleclere-avocat.com\/wp-content\/uploads\/2023\/06\/marissa-grootes-McomGcCj6IQ-unsplash-678x1024.jpg 678w, https:\/\/astridleclere-avocat.com\/wp-content\/uploads\/2023\/06\/marissa-grootes-McomGcCj6IQ-unsplash-199x300.jpg 199w, https:\/\/astridleclere-avocat.com\/wp-content\/uploads\/2023\/06\/marissa-grootes-McomGcCj6IQ-unsplash-768x1160.jpg 768w, https:\/\/astridleclere-avocat.com\/wp-content\/uploads\/2023\/06\/marissa-grootes-McomGcCj6IQ-unsplash-1017x1536.jpg 1017w, https:\/\/astridleclere-avocat.com\/wp-content\/uploads\/2023\/06\/marissa-grootes-McomGcCj6IQ-unsplash-1356x2048.jpg 1356w, https:\/\/astridleclere-avocat.com\/wp-content\/uploads\/2023\/06\/marissa-grootes-McomGcCj6IQ-unsplash-1568x2367.jpg 1568w, https:\/\/astridleclere-avocat.com\/wp-content\/uploads\/2023\/06\/marissa-grootes-McomGcCj6IQ-unsplash-scaled.jpg 1696w\" sizes=\"auto, (max-width: 305px) 100vw, 305px\" \/><\/figure>\n<\/div>\n<\/div>\n\n\n\n<div class=\"wp-block-columns is-layout-flex wp-container-core-columns-is-layout-9d6595d7 wp-block-columns-is-layout-flex\">\n<div class=\"wp-block-column is-layout-flow wp-block-column-is-layout-flow\">\n<figure class=\"wp-block-image size-large is-resized\"><img loading=\"lazy\" decoding=\"async\" src=\"https:\/\/astridleclere-avocat.com\/wp-content\/uploads\/2023\/06\/marissa-grootes-zv5QSKaP8G8-unsplash-678x1024.jpg\" alt=\"\" class=\"wp-image-61\" width=\"288\" height=\"435\" srcset=\"https:\/\/astridleclere-avocat.com\/wp-content\/uploads\/2023\/06\/marissa-grootes-zv5QSKaP8G8-unsplash-678x1024.jpg 678w, https:\/\/astridleclere-avocat.com\/wp-content\/uploads\/2023\/06\/marissa-grootes-zv5QSKaP8G8-unsplash-199x300.jpg 199w, https:\/\/astridleclere-avocat.com\/wp-content\/uploads\/2023\/06\/marissa-grootes-zv5QSKaP8G8-unsplash-768x1160.jpg 768w, https:\/\/astridleclere-avocat.com\/wp-content\/uploads\/2023\/06\/marissa-grootes-zv5QSKaP8G8-unsplash-1017x1536.jpg 1017w, https:\/\/astridleclere-avocat.com\/wp-content\/uploads\/2023\/06\/marissa-grootes-zv5QSKaP8G8-unsplash-1356x2048.jpg 1356w, https:\/\/astridleclere-avocat.com\/wp-content\/uploads\/2023\/06\/marissa-grootes-zv5QSKaP8G8-unsplash-1568x2367.jpg 1568w, https:\/\/astridleclere-avocat.com\/wp-content\/uploads\/2023\/06\/marissa-grootes-zv5QSKaP8G8-unsplash-scaled.jpg 1696w\" sizes=\"auto, (max-width: 288px) 100vw, 288px\" \/><\/figure>\n\n\n\n<p><\/p>\n\n\n\n<p><\/p>\n<\/div>\n\n\n\n<div class=\"wp-block-column is-layout-flow wp-block-column-is-layout-flow\">\n<p>Maitre LECLERE pratique notamment les mati\u00e8res suivantes: <\/p>\n\n\n\n<ul class=\"wp-block-list\">\n<li>Le droit commercial; <\/li>\n\n\n\n<li>Le droit de la circulation routi\u00e8re; <\/li>\n\n\n\n<li>Le droit immobilier et de la construction; <\/li>\n\n\n\n<li>La protection de la vie priv\u00e9e et le respect du R.G.P.D.;<\/li>\n<\/ul>\n\n\n\n<p>En parall\u00e8le, Maitre LECLERE est \u00e9galement professeur et formateur \u00e0 la Chambre belge des comptables et des experts-comptables ainsi qu&#8217;\u00e0 l&#8217;I.F.A.P.M.E.<\/p>\n<\/div>\n<\/div>\n","protected":false},"excerpt":{"rendered":"<p>Site en construction Ma\u00eetre Lecl\u00e8re est joignable par courriel \u00e0 l&#8217;adresse, astrid.leclere@avocat.be ou par t\u00e9l\u00e9phone au 0478\/91.41.19. Maitre LECLERE re\u00e7oit sur rendez-vous \u00e0 Neupr\u00e9 ou \u00e0 Seraing. Titulaire d\u2019un master en droit \u00e0 finalit\u00e9 mobilit\u00e9 interuniversitaire suite \u00e0 un Erasmus \u00e0 Prague obtenu avec Grand Distinction, Maitre LECLERE est avocate au barreau de Li\u00e8ge-Huy depuis [&hellip;]<\/p>\n","protected":false},"author":1,"featured_media":0,"parent":0,"menu_order":0,"comment_status":"closed","ping_status":"closed","template":"","meta":{"footnotes":""},"class_list":["post-5","page","type-page","status-publish","hentry","entry"],"_links":{"self":[{"href":"https:\/\/astridleclere-avocat.com\/index.php\/wp-json\/wp\/v2\/pages\/5","targetHints":{"allow":["GET"]}}],"collection":[{"href":"https:\/\/astridleclere-avocat.com\/index.php\/wp-json\/wp\/v2\/pages"}],"about":[{"href":"https:\/\/astridleclere-avocat.com\/index.php\/wp-json\/wp\/v2\/types\/page"}],"author":[{"embeddable":true,"href":"https:\/\/astridleclere-avocat.com\/index.php\/wp-json\/wp\/v2\/users\/1"}],"replies":[{"embeddable":true,"href":"https:\/\/astridleclere-avocat.com\/index.php\/wp-json\/wp\/v2\/comments?post=5"}],"version-history":[{"count":12,"href":"https:\/\/astridleclere-avocat.com\/index.php\/wp-json\/wp\/v2\/pages\/5\/revisions"}],"predecessor-version":[{"id":216,"href":"https:\/\/astridleclere-avocat.com\/index.php\/wp-json\/wp\/v2\/pages\/5\/revisions\/216"}],"wp:attachment":[{"href":"https:\/\/astridleclere-avocat.com\/index.php\/wp-json\/wp\/v2\/media?parent=5"}],"curies":[{"name":"wp","href":"https:\/\/api.w.org\/{rel}","templated":true}]}}