{"id":184,"date":"2023-07-08T18:45:08","date_gmt":"2023-07-08T16:45:08","guid":{"rendered":"https:\/\/astridleclere-avocat.com\/?page_id=184"},"modified":"2023-11-07T14:28:15","modified_gmt":"2023-11-07T13:28:15","slug":"droit-de-la-circulation-routiere","status":"publish","type":"page","link":"https:\/\/astridleclere-avocat.com\/index.php\/droit-de-la-circulation-routiere\/","title":{"rendered":"Droit de la circulation routi\u00e8re"},"content":{"rendered":"\n<div class=\"wp-block-cover alignfull is-light\" style=\"min-height:496px;aspect-ratio:unset;\"><span aria-hidden=\"true\" class=\"wp-block-cover__background has-background-dim-30 has-background-dim\"><\/span><img loading=\"lazy\" decoding=\"async\" width=\"2560\" height=\"1707\" class=\"wp-block-cover__image-background wp-image-185\" alt=\"\" src=\"https:\/\/astridleclere-avocat.com\/wp-content\/uploads\/2023\/07\/denny-muller-PulU3AxfJtQ-unsplash-scaled.jpg\" data-object-fit=\"cover\" srcset=\"https:\/\/astridleclere-avocat.com\/wp-content\/uploads\/2023\/07\/denny-muller-PulU3AxfJtQ-unsplash-scaled.jpg 2560w, https:\/\/astridleclere-avocat.com\/wp-content\/uploads\/2023\/07\/denny-muller-PulU3AxfJtQ-unsplash-300x200.jpg 300w, https:\/\/astridleclere-avocat.com\/wp-content\/uploads\/2023\/07\/denny-muller-PulU3AxfJtQ-unsplash-1024x683.jpg 1024w, https:\/\/astridleclere-avocat.com\/wp-content\/uploads\/2023\/07\/denny-muller-PulU3AxfJtQ-unsplash-768x512.jpg 768w, https:\/\/astridleclere-avocat.com\/wp-content\/uploads\/2023\/07\/denny-muller-PulU3AxfJtQ-unsplash-1536x1024.jpg 1536w, https:\/\/astridleclere-avocat.com\/wp-content\/uploads\/2023\/07\/denny-muller-PulU3AxfJtQ-unsplash-2048x1365.jpg 2048w\" sizes=\"auto, (max-width: 2560px) 100vw, 2560px\" \/><div class=\"wp-block-cover__inner-container is-layout-flow wp-block-cover-is-layout-flow\">\n<h2 class=\"wp-block-heading alignwide has-text-align-center has-white-color has-text-color\" style=\"font-size:44px\">Droit de la circulation routi\u00e8re<\/h2>\n<\/div><\/div>\n\n\n\n<div class=\"wp-block-columns is-layout-flex wp-container-core-columns-is-layout-9d6595d7 wp-block-columns-is-layout-flex\">\n<div class=\"wp-block-column is-layout-flow wp-block-column-is-layout-flow\" style=\"flex-basis:25px\"><\/div>\n\n\n\n<div class=\"wp-block-column is-layout-flow wp-block-column-is-layout-flow\">\n<div style=\"height:50px\" aria-hidden=\"true\" class=\"wp-block-spacer\"><\/div>\n\n\n\n<p class=\"has-text-align-left has-medium-font-size\"><strong>Consciente de l&#8217;impact que peut avoir une infraction de roulage sur la vie de ses clients, Maitre LECLERE vous accompagne au mieux dans ce domaine.  <\/strong><\/p>\n\n\n\n<ul class=\"wp-block-list\">\n<li class=\"has-medium-font-size\"><em>Vous avez commis une infraction (exc\u00e8s de vitesse, alcool au volant,&#8230;) et vous \u00eates cit\u00e9 \u00e0 compara\u00eetre devant le Tribunal de Police ? <\/em><\/li>\n\n\n\n<li class=\"has-medium-font-size\"><em>Vous avez commis une infraction, et vous \u00eates auditionn\u00e9 par la Police et vous souhaitez \u00eatre conseill\u00e9 au mieux? <\/em><\/li>\n\n\n\n<li class=\"has-medium-font-size\"><em>Vous \u00eates victime d&#8217;un accident de voiture et souhaitez \u00eatre indemnis\u00e9 suite au dommage subi ? <\/em><\/li>\n\n\n\n<li class=\"has-medium-font-size\"><em>Vous avez caus\u00e9 un accident de la route ? <\/em><\/li>\n\n\n\n<li class=\"has-medium-font-size\"><em>Vous contestez votre responsabilit\u00e9 civile dans le cadre d&#8217;un accident<\/em> ? <\/li>\n<\/ul>\n\n\n\n<p class=\"has-medium-font-size\">Cependant, avant de consulter un avocat, vous \u00eates inquiet des frais que cela peut engendrer&#8230; Or, vous disposez d&#8217;une assurance protection juridique et vous vous demandez si celle-ci peut prendre \u00e0 sa charge certains frais? Il est en effet possible d&#8217;\u00eatre d\u00e9fendu en justice, sans supporter les co\u00fbts d&#8217;un avocat gr\u00e2ce \u00e0 cette assurance. <\/p>\n\n\n\n<p class=\"has-medium-font-size\">Maitre LECLERE peut vous conseiller et vous aider. N&#8217;h\u00e9sitez pas \u00e0 la contacter afin de prendre rendez-vous, \u00e0 Neupr\u00e9 ou \u00e0 Seraing. <\/p>\n<\/div>\n\n\n\n<div class=\"wp-block-column is-layout-flow wp-block-column-is-layout-flow\" style=\"flex-basis:25px\"><\/div>\n<\/div>\n\n\n\n<div style=\"height:100px\" aria-hidden=\"true\" class=\"wp-block-spacer\"><\/div>\n","protected":false},"excerpt":{"rendered":"<p>Consciente de l&#8217;impact que peut avoir une infraction de roulage sur la vie de ses clients, Maitre LECLERE vous accompagne au mieux dans ce domaine. Cependant, avant de consulter un avocat, vous \u00eates inquiet des frais que cela peut engendrer&#8230; Or, vous disposez d&#8217;une assurance protection juridique et vous vous demandez si celle-ci peut prendre [&hellip;]<\/p>\n","protected":false},"author":1,"featured_media":0,"parent":0,"menu_order":0,"comment_status":"closed","ping_status":"closed","template":"","meta":{"footnotes":""},"class_list":["post-184","page","type-page","status-publish","hentry","entry"],"_links":{"self":[{"href":"https:\/\/astridleclere-avocat.com\/index.php\/wp-json\/wp\/v2\/pages\/184","targetHints":{"allow":["GET"]}}],"collection":[{"href":"https:\/\/astridleclere-avocat.com\/index.php\/wp-json\/wp\/v2\/pages"}],"about":[{"href":"https:\/\/astridleclere-avocat.com\/index.php\/wp-json\/wp\/v2\/types\/page"}],"author":[{"embeddable":true,"href":"https:\/\/astridleclere-avocat.com\/index.php\/wp-json\/wp\/v2\/users\/1"}],"replies":[{"embeddable":true,"href":"https:\/\/astridleclere-avocat.com\/index.php\/wp-json\/wp\/v2\/comments?post=184"}],"version-history":[{"count":7,"href":"https:\/\/astridleclere-avocat.com\/index.php\/wp-json\/wp\/v2\/pages\/184\/revisions"}],"predecessor-version":[{"id":241,"href":"https:\/\/astridleclere-avocat.com\/index.php\/wp-json\/wp\/v2\/pages\/184\/revisions\/241"}],"wp:attachment":[{"href":"https:\/\/astridleclere-avocat.com\/index.php\/wp-json\/wp\/v2\/media?parent=184"}],"curies":[{"name":"wp","href":"https:\/\/api.w.org\/{rel}","templated":true}]}}