{"id":178,"date":"2023-07-08T18:37:21","date_gmt":"2023-07-08T16:37:21","guid":{"rendered":"https:\/\/astridleclere-avocat.com\/?page_id=178"},"modified":"2023-11-07T14:30:17","modified_gmt":"2023-11-07T13:30:17","slug":"protection-de-la-vie-privee-et-respect-du-r-g-p-d","status":"publish","type":"page","link":"https:\/\/astridleclere-avocat.com\/index.php\/protection-de-la-vie-privee-et-respect-du-r-g-p-d\/","title":{"rendered":"Protection de la vie priv\u00e9e et respect du R.G.P.D."},"content":{"rendered":"\n<div class=\"wp-block-cover alignfull is-light\" style=\"font-size:29px;min-height:482px;aspect-ratio:unset;\"><span aria-hidden=\"true\" class=\"wp-block-cover__background has-background-dim-30 has-background-dim\"><\/span><img loading=\"lazy\" decoding=\"async\" width=\"2560\" height=\"1707\" class=\"wp-block-cover__image-background wp-image-179\" alt=\"\" src=\"https:\/\/astridleclere-avocat.com\/wp-content\/uploads\/2023\/07\/isaac-iverson-roffILQTPZs-unsplash-scaled.jpg\" data-object-fit=\"cover\" srcset=\"https:\/\/astridleclere-avocat.com\/wp-content\/uploads\/2023\/07\/isaac-iverson-roffILQTPZs-unsplash-scaled.jpg 2560w, https:\/\/astridleclere-avocat.com\/wp-content\/uploads\/2023\/07\/isaac-iverson-roffILQTPZs-unsplash-300x200.jpg 300w, https:\/\/astridleclere-avocat.com\/wp-content\/uploads\/2023\/07\/isaac-iverson-roffILQTPZs-unsplash-1024x683.jpg 1024w, https:\/\/astridleclere-avocat.com\/wp-content\/uploads\/2023\/07\/isaac-iverson-roffILQTPZs-unsplash-768x512.jpg 768w, https:\/\/astridleclere-avocat.com\/wp-content\/uploads\/2023\/07\/isaac-iverson-roffILQTPZs-unsplash-1536x1024.jpg 1536w, https:\/\/astridleclere-avocat.com\/wp-content\/uploads\/2023\/07\/isaac-iverson-roffILQTPZs-unsplash-2048x1365.jpg 2048w\" sizes=\"auto, (max-width: 2560px) 100vw, 2560px\" \/><div class=\"wp-block-cover__inner-container is-layout-flow wp-block-cover-is-layout-flow\">\n<h2 class=\"wp-block-heading alignwide has-text-align-center has-white-color has-text-color\" style=\"font-size:45px\"><strong>Protection de la vie priv\u00e9e et respect du R.G.P.D.<\/strong><br><\/h2>\n<\/div><\/div>\n\n\n\n<div class=\"wp-block-columns is-layout-flex wp-container-core-columns-is-layout-9d6595d7 wp-block-columns-is-layout-flex\">\n<div class=\"wp-block-column is-layout-flow wp-block-column-is-layout-flow\" style=\"flex-basis:25px\"><\/div>\n\n\n\n<div class=\"wp-block-column is-layout-flow wp-block-column-is-layout-flow\">\n<div style=\"height:50px\" aria-hidden=\"true\" class=\"wp-block-spacer\"><\/div>\n\n\n\n<p class=\"has-text-align-left has-medium-font-size\"><strong>Depuis l&#8217;entr\u00e9e en vigueur du R\u00e8glement g\u00e9n\u00e9ral sur la protection des donn\u00e9es (R.G.P.D.) en 2016, la fa\u00e7on de prot\u00e9ger ses propres donn\u00e9es personnelles, mais \u00e9galement celles des autres, a \u00e9volu\u00e9. C&#8217;est la raison pour laquelle, Maitre LECLERE s&#8217;est form\u00e9e en cette mati\u00e8re afin de mieux vous accompagner dans cette m\u00e9tamorphose du droit \u00e0 la vie priv\u00e9e. Maitre LECLERE est titulaire du certificat \u00e0 la protection des donn\u00e9es (Data Protection Officer), d\u00e9livr\u00e9 par le Data Protection Institute le 7 mai 2021 avec grande distinction, ce qui lui permet de vous conseiller au mieux.<\/strong> <\/p>\n\n\n\n<p class=\"has-medium-font-size\">Maitre LECLERE peut vous accompagner: <\/p>\n\n\n\n<ul class=\"wp-block-list\">\n<li class=\"has-medium-font-size\"><em>Service de d\u00e9l\u00e9gu\u00e9 \u00e0 la protection des donn\u00e9es externe (D.P.O.)<\/em> ; <\/li>\n\n\n\n<li class=\"has-medium-font-size\"><em>Audit organisationnel et l\u00e9gal des entreprises <\/em>; <\/li>\n\n\n\n<li class=\"has-medium-font-size\"><em>Mise en conformit\u00e9 des entreprises et r\u00e9daction des documents n\u00e9cessaires au respect du R.G.P.D.<\/em> ; <\/li>\n\n\n\n<li class=\"has-medium-font-size\"><em>Formations \u00e0 l&#8217;attention des entreprises au sujet du R.G.P.D.<\/em> ;<\/li>\n<\/ul>\n\n\n\n<p class=\"has-medium-font-size\">Maitre LECLERE peut vous conseiller et vous aider. N&#8217;h\u00e9sitez pas \u00e0 la contacter afin de prendre rendez-vous, \u00e0 Neupr\u00e9 ou \u00e0 Seraing. <\/p>\n<\/div>\n\n\n\n<div class=\"wp-block-column is-layout-flow wp-block-column-is-layout-flow\" style=\"flex-basis:25px\"><\/div>\n<\/div>\n\n\n\n<div style=\"height:100px\" aria-hidden=\"true\" class=\"wp-block-spacer\"><\/div>\n","protected":false},"excerpt":{"rendered":"<p>Depuis l&#8217;entr\u00e9e en vigueur du R\u00e8glement g\u00e9n\u00e9ral sur la protection des donn\u00e9es (R.G.P.D.) en 2016, la fa\u00e7on de prot\u00e9ger ses propres donn\u00e9es personnelles, mais \u00e9galement celles des autres, a \u00e9volu\u00e9. C&#8217;est la raison pour laquelle, Maitre LECLERE s&#8217;est form\u00e9e en cette mati\u00e8re afin de mieux vous accompagner dans cette m\u00e9tamorphose du droit \u00e0 la vie [&hellip;]<\/p>\n","protected":false},"author":1,"featured_media":0,"parent":0,"menu_order":0,"comment_status":"closed","ping_status":"closed","template":"","meta":{"footnotes":""},"class_list":["post-178","page","type-page","status-publish","hentry","entry"],"_links":{"self":[{"href":"https:\/\/astridleclere-avocat.com\/index.php\/wp-json\/wp\/v2\/pages\/178","targetHints":{"allow":["GET"]}}],"collection":[{"href":"https:\/\/astridleclere-avocat.com\/index.php\/wp-json\/wp\/v2\/pages"}],"about":[{"href":"https:\/\/astridleclere-avocat.com\/index.php\/wp-json\/wp\/v2\/types\/page"}],"author":[{"embeddable":true,"href":"https:\/\/astridleclere-avocat.com\/index.php\/wp-json\/wp\/v2\/users\/1"}],"replies":[{"embeddable":true,"href":"https:\/\/astridleclere-avocat.com\/index.php\/wp-json\/wp\/v2\/comments?post=178"}],"version-history":[{"count":6,"href":"https:\/\/astridleclere-avocat.com\/index.php\/wp-json\/wp\/v2\/pages\/178\/revisions"}],"predecessor-version":[{"id":243,"href":"https:\/\/astridleclere-avocat.com\/index.php\/wp-json\/wp\/v2\/pages\/178\/revisions\/243"}],"wp:attachment":[{"href":"https:\/\/astridleclere-avocat.com\/index.php\/wp-json\/wp\/v2\/media?parent=178"}],"curies":[{"name":"wp","href":"https:\/\/api.w.org\/{rel}","templated":true}]}}