{"id":171,"date":"2023-07-08T18:20:51","date_gmt":"2023-07-08T16:20:51","guid":{"rendered":"https:\/\/astridleclere-avocat.com\/?page_id=171"},"modified":"2023-11-07T14:26:21","modified_gmt":"2023-11-07T13:26:21","slug":"droit-commercial","status":"publish","type":"page","link":"https:\/\/astridleclere-avocat.com\/index.php\/droit-commercial\/","title":{"rendered":"Droit Commercial"},"content":{"rendered":"\n<div class=\"wp-block-cover alignfull is-light\" style=\"min-height:440px;aspect-ratio:unset;\"><span aria-hidden=\"true\" class=\"wp-block-cover__background has-background-dim-30 has-background-dim\"><\/span><img loading=\"lazy\" decoding=\"async\" width=\"2560\" height=\"1707\" class=\"wp-block-cover__image-background wp-image-172\" alt=\"\" src=\"https:\/\/astridleclere-avocat.com\/wp-content\/uploads\/2023\/07\/gabrielle-henderson-HJckKnwCXxQ-unsplash-scaled.jpg\" data-object-fit=\"cover\" srcset=\"https:\/\/astridleclere-avocat.com\/wp-content\/uploads\/2023\/07\/gabrielle-henderson-HJckKnwCXxQ-unsplash-scaled.jpg 2560w, https:\/\/astridleclere-avocat.com\/wp-content\/uploads\/2023\/07\/gabrielle-henderson-HJckKnwCXxQ-unsplash-300x200.jpg 300w, https:\/\/astridleclere-avocat.com\/wp-content\/uploads\/2023\/07\/gabrielle-henderson-HJckKnwCXxQ-unsplash-1024x683.jpg 1024w, https:\/\/astridleclere-avocat.com\/wp-content\/uploads\/2023\/07\/gabrielle-henderson-HJckKnwCXxQ-unsplash-768x512.jpg 768w, https:\/\/astridleclere-avocat.com\/wp-content\/uploads\/2023\/07\/gabrielle-henderson-HJckKnwCXxQ-unsplash-1536x1024.jpg 1536w, https:\/\/astridleclere-avocat.com\/wp-content\/uploads\/2023\/07\/gabrielle-henderson-HJckKnwCXxQ-unsplash-2048x1365.jpg 2048w\" sizes=\"auto, (max-width: 2560px) 100vw, 2560px\" \/><div class=\"wp-block-cover__inner-container is-layout-flow wp-block-cover-is-layout-flow\">\n<h2 class=\"wp-block-heading alignwide has-text-align-center has-white-color has-text-color\" style=\"font-size:45px\">Droit Commercial <\/h2>\n<\/div><\/div>\n\n\n\n<div style=\"height:50px\" aria-hidden=\"true\" class=\"wp-block-spacer\"><\/div>\n\n\n\n<div class=\"wp-block-columns is-layout-flex wp-container-core-columns-is-layout-9d6595d7 wp-block-columns-is-layout-flex\">\n<div class=\"wp-block-column is-layout-flow wp-block-column-is-layout-flow\" style=\"flex-basis:25px\"><\/div>\n\n\n\n<div class=\"wp-block-column is-layout-flow wp-block-column-is-layout-flow\">\n<p class=\"has-medium-font-size\"><strong>Maitre LECLERE intervient dans tous les aspects du droit commercial d&#8217;une entreprise, qu&#8217;il s&#8217;agisse d&#8217;une phase amiable ou contentieuse. <\/strong><\/p>\n\n\n\n<ul class=\"wp-block-list\">\n<li class=\"has-medium-font-size\"><font style=\"vertical-align: inherit;\"><font style=\"vertical-align: inherit;\"><em>N\u00e9gociation et \/ ou r\u00e9daction de documents contractuels (bail commercial, contrats commerciaux, conditions g\u00e9n\u00e9rales de vente,&#8230; )<\/em> ;<\/font><\/font><\/li>\n\n\n\n<li class=\"has-medium-font-size\"><font style=\"vertical-align: inherit;\"><font style=\"vertical-align: inherit;\"><em>R\u00e9cup\u00e9ration de cr\u00e9ances ( amiable ou judiciaire )<\/em> ;<\/font><\/font><\/li>\n\n\n\n<li class=\"has-medium-font-size\"><em>Droit des obligations et des contrats<\/em> ;<\/li>\n\n\n\n<li class=\"has-medium-font-size\"><font style=\"vertical-align: inherit;\"><font style=\"vertical-align: inherit;\"><em>Litige entre entreprises ( inex\u00e9cution contractuelle, conflits internes et \/ ou externes, faillite imminente ou d\u00e9j\u00e0 prononc\u00e9e, concurrence d\u00e9loyale,&#8230; )<\/em> ;<\/font><\/font><\/li>\n\n\n\n<li class=\"has-medium-font-size\"><em>Entreprises en difficult\u00e9s et r\u00e9organisation judiciaire<\/em> ;  <\/li>\n<\/ul>\n\n\n\n<p class=\"has-medium-font-size\">Maitre LECLERE peut vous conseiller et vous aider. N&#8217;h\u00e9sitez pas \u00e0 la contacter afin de prendre rendez-vous, \u00e0 Neupr\u00e9 ou \u00e0 Seraing. <\/p>\n<\/div>\n\n\n\n<div class=\"wp-block-column is-layout-flow wp-block-column-is-layout-flow\" style=\"flex-basis:25px\"><\/div>\n<\/div>\n\n\n\n<div style=\"height:100px\" aria-hidden=\"true\" class=\"wp-block-spacer\"><\/div>\n\n\n\n<p class=\"has-small-font-size\"><\/p>\n","protected":false},"excerpt":{"rendered":"<p>Maitre LECLERE intervient dans tous les aspects du droit commercial d&#8217;une entreprise, qu&#8217;il s&#8217;agisse d&#8217;une phase amiable ou contentieuse. Maitre LECLERE peut vous conseiller et vous aider. N&#8217;h\u00e9sitez pas \u00e0 la contacter afin de prendre rendez-vous, \u00e0 Neupr\u00e9 ou \u00e0 Seraing.<\/p>\n","protected":false},"author":1,"featured_media":0,"parent":0,"menu_order":0,"comment_status":"closed","ping_status":"closed","template":"","meta":{"footnotes":""},"class_list":["post-171","page","type-page","status-publish","hentry","entry"],"_links":{"self":[{"href":"https:\/\/astridleclere-avocat.com\/index.php\/wp-json\/wp\/v2\/pages\/171","targetHints":{"allow":["GET"]}}],"collection":[{"href":"https:\/\/astridleclere-avocat.com\/index.php\/wp-json\/wp\/v2\/pages"}],"about":[{"href":"https:\/\/astridleclere-avocat.com\/index.php\/wp-json\/wp\/v2\/types\/page"}],"author":[{"embeddable":true,"href":"https:\/\/astridleclere-avocat.com\/index.php\/wp-json\/wp\/v2\/users\/1"}],"replies":[{"embeddable":true,"href":"https:\/\/astridleclere-avocat.com\/index.php\/wp-json\/wp\/v2\/comments?post=171"}],"version-history":[{"count":10,"href":"https:\/\/astridleclere-avocat.com\/index.php\/wp-json\/wp\/v2\/pages\/171\/revisions"}],"predecessor-version":[{"id":238,"href":"https:\/\/astridleclere-avocat.com\/index.php\/wp-json\/wp\/v2\/pages\/171\/revisions\/238"}],"wp:attachment":[{"href":"https:\/\/astridleclere-avocat.com\/index.php\/wp-json\/wp\/v2\/media?parent=171"}],"curies":[{"name":"wp","href":"https:\/\/api.w.org\/{rel}","templated":true}]}}