{"id":100,"date":"2023-06-22T23:32:07","date_gmt":"2023-06-22T21:32:07","guid":{"rendered":"https:\/\/astridleclere-avocat.com\/?page_id=100"},"modified":"2023-07-08T18:45:28","modified_gmt":"2023-07-08T16:45:28","slug":"100-2","status":"publish","type":"page","link":"https:\/\/astridleclere-avocat.com\/","title":{"rendered":"Acceuil"},"content":{"rendered":"\n<div class=\"wp-block-group alignfull\"><div class=\"wp-block-group__inner-container is-layout-constrained wp-block-group-is-layout-constrained\">\n<div class=\"wp-block-cover alignwide is-light\" style=\"min-height:626px;aspect-ratio:unset;\"><span aria-hidden=\"true\" class=\"wp-block-cover__background has-background-dim-0 has-background-dim\"><\/span><img loading=\"lazy\" decoding=\"async\" width=\"2560\" height=\"1707\" class=\"wp-block-cover__image-background wp-image-92\" alt=\"\" src=\"https:\/\/astridleclere-avocat.com\/wp-content\/uploads\/2023\/06\/freddie-marriage-vSchPA-YA_A-unsplash-scaled.jpg\" style=\"object-position:70% 94%\" data-object-fit=\"cover\" data-object-position=\"70% 94%\" srcset=\"https:\/\/astridleclere-avocat.com\/wp-content\/uploads\/2023\/06\/freddie-marriage-vSchPA-YA_A-unsplash-scaled.jpg 2560w, https:\/\/astridleclere-avocat.com\/wp-content\/uploads\/2023\/06\/freddie-marriage-vSchPA-YA_A-unsplash-300x200.jpg 300w, https:\/\/astridleclere-avocat.com\/wp-content\/uploads\/2023\/06\/freddie-marriage-vSchPA-YA_A-unsplash-1024x683.jpg 1024w, https:\/\/astridleclere-avocat.com\/wp-content\/uploads\/2023\/06\/freddie-marriage-vSchPA-YA_A-unsplash-768x512.jpg 768w, https:\/\/astridleclere-avocat.com\/wp-content\/uploads\/2023\/06\/freddie-marriage-vSchPA-YA_A-unsplash-1536x1024.jpg 1536w, https:\/\/astridleclere-avocat.com\/wp-content\/uploads\/2023\/06\/freddie-marriage-vSchPA-YA_A-unsplash-2048x1365.jpg 2048w\" sizes=\"auto, (max-width: 2560px) 100vw, 2560px\" \/><div class=\"wp-block-cover__inner-container is-layout-flow wp-block-cover-is-layout-flow\">\n<div class=\"wp-block-columns is-layout-flex wp-container-core-columns-is-layout-9d6595d7 wp-block-columns-is-layout-flex\">\n<div class=\"wp-block-column is-layout-flow wp-block-column-is-layout-flow\" style=\"flex-basis:5000px\">\n<div class=\"wp-block-columns is-layout-flex wp-container-core-columns-is-layout-9d6595d7 wp-block-columns-is-layout-flex\">\n<div class=\"wp-block-column is-layout-flow wp-block-column-is-layout-flow\" style=\"flex-basis:350px\"><div class=\"wp-block-image\">\n<figure class=\"aligncenter size-full is-resized\"><img loading=\"lazy\" decoding=\"async\" src=\"https:\/\/astridleclere-avocat.com\/wp-content\/uploads\/2023\/06\/cropped-cropped-Logo_Couleur-1.png\" alt=\"\" class=\"wp-image-103\" width=\"279\" height=\"279\" srcset=\"https:\/\/astridleclere-avocat.com\/wp-content\/uploads\/2023\/06\/cropped-cropped-Logo_Couleur-1.png 512w, https:\/\/astridleclere-avocat.com\/wp-content\/uploads\/2023\/06\/cropped-cropped-Logo_Couleur-1-300x300.png 300w, https:\/\/astridleclere-avocat.com\/wp-content\/uploads\/2023\/06\/cropped-cropped-Logo_Couleur-1-150x150.png 150w\" sizes=\"auto, (max-width: 279px) 100vw, 279px\" \/><\/figure><\/div><\/div>\n\n\n\n<div class=\"wp-block-column is-vertically-aligned-center has-background is-layout-flow wp-block-column-is-layout-flow\" style=\"background-color:#ffffff00\">\n<p><\/p>\n\n\n\n<div class=\"wp-block-buttons is-content-justification-center is-layout-flex wp-container-core-buttons-is-layout-16018d1d wp-block-buttons-is-layout-flex\">\n<div class=\"wp-block-button has-custom-width wp-block-button__width-75 is-style-outline is-style-outline--1\"><a class=\"wp-block-button__link has-white-background-color has-text-color has-background wp-element-button\" href=\"https:\/\/astridleclere-avocat.com\/index.php\/contact\/\" style=\"color:#b86c6e\">Contact<\/a><\/div>\n<\/div>\n\n\n\n<div style=\"height:10px\" aria-hidden=\"true\" class=\"wp-block-spacer\"><\/div>\n\n\n\n<div class=\"wp-block-buttons is-content-justification-center is-layout-flex wp-container-core-buttons-is-layout-16018d1d wp-block-buttons-is-layout-flex\">\n<div class=\"wp-block-button has-custom-width wp-block-button__width-75\"><a class=\"wp-block-button__link has-background wp-element-button\" href=\"#competences\" style=\"background-color:#b86c6e\">Comp\u00e9tences<\/a><\/div>\n<\/div>\n<\/div>\n<\/div>\n<\/div>\n<\/div>\n\n\n\n<p class=\"has-text-align-center has-large-font-size\"><\/p>\n<\/div><\/div>\n<\/div><\/div>\n\n\n\n<div style=\"height:150px\" aria-hidden=\"true\" id=\"competences\" class=\"wp-block-spacer\"><\/div>\n\n\n\n<div class=\"wp-block-columns alignwide is-layout-flex wp-container-core-columns-is-layout-829b1d53 wp-block-columns-is-layout-flex\" style=\"margin-bottom:0\">\n<div class=\"wp-block-column has-white-color has-text-color has-background has-link-color wp-elements-03d16d01ba18e199ab990d9910468cd2 is-layout-flow wp-block-column-is-layout-flow\" style=\"background-color:#b86c6e;padding-top:2em;padding-right:2em;padding-bottom:2em;padding-left:2em\">\n<h2 class=\"wp-block-heading has-text-align-center has-white-color has-text-color\" id=\"single\" style=\"font-size:30px\"><strong>Droit immobilier<\/strong> et de la construction<\/h2>\n\n\n\n<hr class=\"wp-block-separator has-text-color has-css-opacity has-background is-style-wide\" style=\"background-color:#000000;color:#000000\"\/>\n\n\n\n<div class=\"wp-block-buttons alignfull is-horizontal is-content-justification-center is-layout-flex wp-container-core-buttons-is-layout-499968f5 wp-block-buttons-is-layout-flex\">\n<div class=\"wp-block-button has-custom-width wp-block-button__width-100\"><a class=\"wp-block-button__link has-white-color has-text-color has-background no-border-radius wp-element-button\" href=\"https:\/\/astridleclere-avocat.com\/index.php\/droit-immobilier-et-de-la-construction\/\" style=\"background-color:#000000\">En savoir plus<\/a><\/div>\n<\/div>\n<\/div>\n\n\n\n<div class=\"wp-block-column has-cyan-bluish-gray-background-color has-text-color has-background has-link-color wp-elements-9248db3b8edd6cfe5b9acd27d1a4bd5c is-layout-flow wp-block-column-is-layout-flow\" style=\"color:#b86c6e;padding-top:2em;padding-right:2em;padding-bottom:2em;padding-left:2em\">\n<h2 class=\"wp-block-heading has-text-align-center has-white-color has-text-color\" id=\"single\" style=\"font-size:30px\">Droit commercial<\/h2>\n\n\n\n<hr class=\"wp-block-separator has-text-color has-css-opacity has-background is-style-wide\" style=\"background-color:#000000;color:#000000\"\/>\n\n\n\n<div class=\"wp-block-buttons alignfull is-horizontal is-content-justification-center is-layout-flex wp-container-core-buttons-is-layout-499968f5 wp-block-buttons-is-layout-flex\">\n<div class=\"wp-block-button has-custom-width wp-block-button__width-100\"><a class=\"wp-block-button__link has-white-color has-text-color has-background no-border-radius wp-element-button\" href=\"https:\/\/astridleclere-avocat.com\/index.php\/droit-commercial\/\" style=\"background-color:#000000\">En savoir plus<\/a><\/div>\n<\/div>\n<\/div>\n\n\n\n<div class=\"wp-block-column has-text-color has-background has-link-color wp-elements-63bbb6ab1ba56d5b114356a7d0e9f1bc is-layout-flow wp-block-column-is-layout-flow\" style=\"color:#000000;background-color:#b86c6e;padding-top:2em;padding-right:2em;padding-bottom:2em;padding-left:2em\">\n<h2 class=\"wp-block-heading has-text-align-center has-white-color has-text-color\" id=\"family\" style=\"font-size:30px\"><strong>Protection de la vie priv\u00e9e et respect du R.G.P.D.<\/strong><\/h2>\n\n\n\n<hr class=\"wp-block-separator has-css-opacity is-style-wide\"\/>\n\n\n\n<div class=\"wp-block-buttons alignfull is-horizontal is-content-justification-center is-layout-flex wp-container-core-buttons-is-layout-499968f5 wp-block-buttons-is-layout-flex\">\n<div class=\"wp-block-button has-custom-width wp-block-button__width-100 is-style-fill\"><a class=\"wp-block-button__link has-white-color has-text-color has-background no-border-radius wp-element-button\" href=\"https:\/\/astridleclere-avocat.com\/index.php\/protection-de-la-vie-privee-et-respect-du-r-g-p-d\/\" style=\"background-color:#000000\">En savoir plus<\/a><\/div>\n<\/div>\n<\/div>\n\n\n\n<div class=\"wp-block-column has-cyan-bluish-gray-background-color has-text-color has-background has-link-color wp-elements-55a73c4c0f2e689a1640c2b095dfcb95 is-layout-flow wp-block-column-is-layout-flow\" style=\"color:#000000;padding-top:2em;padding-right:2em;padding-bottom:2em;padding-left:2em\">\n<h2 class=\"wp-block-heading has-text-align-center has-white-color has-text-color\" id=\"patron\" style=\"font-size:30px\">Droit de la circulation routi\u00e8re<\/h2>\n\n\n\n<hr class=\"wp-block-separator has-css-opacity is-style-wide\"\/>\n\n\n\n<div class=\"wp-block-buttons alignfull is-horizontal is-content-justification-center is-layout-flex wp-container-core-buttons-is-layout-499968f5 wp-block-buttons-is-layout-flex\">\n<div class=\"wp-block-button has-custom-width wp-block-button__width-100\"><a class=\"wp-block-button__link has-white-color has-text-color has-background no-border-radius wp-element-button\" href=\"https:\/\/astridleclere-avocat.com\/index.php\/droit-de-la-circulation-routiere\/\" style=\"background-color:#000000\">En savoir plus<\/a><\/div>\n<\/div>\n<\/div>\n<\/div>\n\n\n\n<div style=\"height:100px\" aria-hidden=\"true\" class=\"wp-block-spacer\"><\/div>\n\n\n\n<p class=\"has-text-align-center has-text-color has-large-font-size\" style=\"color:#b86c6e\">A Propos <\/p>\n\n\n\n<p class=\"has-medium-font-size\"><\/p>\n\n\n\n<div class=\"wp-block-columns is-layout-flex wp-container-core-columns-is-layout-9d6595d7 wp-block-columns-is-layout-flex\">\n<div class=\"wp-block-column is-layout-flow wp-block-column-is-layout-flow\" style=\"flex-basis:30px\"><\/div>\n\n\n\n<div class=\"wp-block-column is-layout-flow wp-block-column-is-layout-flow\">\n<p class=\"has-text-align-center has-medium-font-size\">Titulaire d\u2019un master en droit \u00e0 finalit\u00e9 mobilit\u00e9 interuniversitaire suite \u00e0 un Erasmus \u00e0 Prague obtenu avec Grand Distinction, Maitre LECLERE est avocate au barreau de Li\u00e8ge-Huy depuis 2019.<\/p>\n\n\n\n<p class=\"has-text-align-center has-medium-font-size\">Outre ce parcours universitaire, Maitre LECLERE est \u00e9galement titulaire du certificat \u00e0 la Protection des donn\u00e9es (Data Protection Officer) d\u00e9livr\u00e9 par le Data Protection Institute le 7 mai 2021.<\/p>\n\n\n\n<p class=\"has-text-align-center has-medium-font-size\">Apr\u00e8s 4 ann\u00e9es de formation au sein d\u2019un Cabinet r\u00e9put\u00e9 du Barreau de Li\u00e8ge-Huy, Maitre LECLERE, ancienne sportive, s\u2019est naturellement lanc\u00e9e comme d\u00e9fi d\u2019ouvrir son propre Cabinet, soucieuse d\u2019apporter satisfaction aux clients qu\u2019elle d\u00e9fend, exer\u00e7ant cette profession avec s\u00e9rieux, dynamisme et motivation.<\/p>\n<\/div>\n\n\n\n<div class=\"wp-block-column is-layout-flow wp-block-column-is-layout-flow\" style=\"flex-basis:30px\"><\/div>\n<\/div>\n\n\n\n<div style=\"height:100px\" aria-hidden=\"true\" class=\"wp-block-spacer\"><\/div>\n","protected":false},"excerpt":{"rendered":"<p>Droit immobilier et de la construction Droit commercial Protection de la vie priv\u00e9e et respect du R.G.P.D. Droit de la circulation routi\u00e8re A Propos Titulaire d\u2019un master en droit \u00e0 finalit\u00e9 mobilit\u00e9 interuniversitaire suite \u00e0 un Erasmus \u00e0 Prague obtenu avec Grand Distinction, Maitre LECLERE est avocate au barreau de Li\u00e8ge-Huy depuis 2019. Outre ce [&hellip;]<\/p>\n","protected":false},"author":1,"featured_media":0,"parent":0,"menu_order":0,"comment_status":"closed","ping_status":"closed","template":"","meta":{"footnotes":""},"class_list":["post-100","page","type-page","status-publish","hentry","entry"],"_links":{"self":[{"href":"https:\/\/astridleclere-avocat.com\/index.php\/wp-json\/wp\/v2\/pages\/100","targetHints":{"allow":["GET"]}}],"collection":[{"href":"https:\/\/astridleclere-avocat.com\/index.php\/wp-json\/wp\/v2\/pages"}],"about":[{"href":"https:\/\/astridleclere-avocat.com\/index.php\/wp-json\/wp\/v2\/types\/page"}],"author":[{"embeddable":true,"href":"https:\/\/astridleclere-avocat.com\/index.php\/wp-json\/wp\/v2\/users\/1"}],"replies":[{"embeddable":true,"href":"https:\/\/astridleclere-avocat.com\/index.php\/wp-json\/wp\/v2\/comments?post=100"}],"version-history":[{"count":42,"href":"https:\/\/astridleclere-avocat.com\/index.php\/wp-json\/wp\/v2\/pages\/100\/revisions"}],"predecessor-version":[{"id":187,"href":"https:\/\/astridleclere-avocat.com\/index.php\/wp-json\/wp\/v2\/pages\/100\/revisions\/187"}],"wp:attachment":[{"href":"https:\/\/astridleclere-avocat.com\/index.php\/wp-json\/wp\/v2\/media?parent=100"}],"curies":[{"name":"wp","href":"https:\/\/api.w.org\/{rel}","templated":true}]}}